{"id":85,"date":"2025-06-17T10:32:09","date_gmt":"2025-06-17T08:32:09","guid":{"rendered":"https:\/\/strona-testowa-fotograf.daliamaciejewicz.pl\/?page_id=85"},"modified":"2025-06-17T18:48:30","modified_gmt":"2025-06-17T16:48:30","slug":"fotografia-slubna","status":"publish","type":"page","link":"https:\/\/strona-testowa-fotograf.daliamaciejewicz.pl\/?page_id=85","title":{"rendered":"fotografia \u015blubna"},"content":{"rendered":"\t\t<div data-elementor-type=\"wp-page\" data-elementor-id=\"85\" class=\"elementor elementor-85\" data-elementor-post-type=\"page\">\n\t\t\t\t<div class=\"elementor-element elementor-element-715142c e-con-full e-flex e-con e-parent\" data-id=\"715142c\" data-element_type=\"container\" data-settings=\"{&quot;background_background&quot;:&quot;slideshow&quot;,&quot;background_slideshow_gallery&quot;:[{&quot;id&quot;:69,&quot;url&quot;:&quot;https:\\\/\\\/strona-testowa-fotograf.daliamaciejewicz.pl\\\/wp-content\\\/uploads\\\/2025\\\/06\\\/00256Pat_Jak.jpg&quot;},{&quot;id&quot;:71,&quot;url&quot;:&quot;https:\\\/\\\/strona-testowa-fotograf.daliamaciejewicz.pl\\\/wp-content\\\/uploads\\\/2025\\\/06\\\/00320ewelina_przemyslaw.jpg&quot;},{&quot;id&quot;:67,&quot;url&quot;:&quot;https:\\\/\\\/strona-testowa-fotograf.daliamaciejewicz.pl\\\/wp-content\\\/uploads\\\/2025\\\/06\\\/A9B00344.jpg&quot;},{&quot;id&quot;:65,&quot;url&quot;:&quot;https:\\\/\\\/strona-testowa-fotograf.daliamaciejewicz.pl\\\/wp-content\\\/uploads\\\/2025\\\/06\\\/1015izabela_pawel.jpg&quot;},{&quot;id&quot;:66,&quot;url&quot;:&quot;https:\\\/\\\/strona-testowa-fotograf.daliamaciejewicz.pl\\\/wp-content\\\/uploads\\\/2025\\\/06\\\/A9B09655-Edit.jpg&quot;},{&quot;id&quot;:43,&quot;url&quot;:&quot;https:\\\/\\\/strona-testowa-fotograf.daliamaciejewicz.pl\\\/wp-content\\\/uploads\\\/2025\\\/06\\\/A9A03172.jpg&quot;}],&quot;background_slideshow_slide_duration&quot;:3000,&quot;background_slideshow_loop&quot;:&quot;yes&quot;,&quot;background_slideshow_slide_transition&quot;:&quot;fade&quot;,&quot;background_slideshow_transition_duration&quot;:500}\">\n\t\t\t\t<div class=\"elementor-element elementor-element-0ee020d elementor-widget elementor-widget-heading\" data-id=\"0ee020d\" data-element_type=\"widget\" data-widget_type=\"heading.default\">\n\t\t\t\t<div class=\"elementor-widget-container\">\n\t\t\t\t\t<h3 class=\"elementor-heading-title elementor-size-default\">Fotografia \u015blubna<\/h3>\t\t\t\t<\/div>\n\t\t\t\t<\/div>\n\t\t\t\t<div class=\"elementor-element elementor-element-013402f elementor-hidden-mobile elementor-widget-divider--view-line elementor-widget elementor-widget-divider\" data-id=\"013402f\" data-element_type=\"widget\" data-widget_type=\"divider.default\">\n\t\t\t\t<div class=\"elementor-widget-container\">\n\t\t\t\t\t\t\t<div class=\"elementor-divider\">\n\t\t\t<span class=\"elementor-divider-separator\">\n\t\t\t\t\t\t<\/span>\n\t\t<\/div>\n\t\t\t\t\t\t<\/div>\n\t\t\t\t<\/div>\n\t\t\t\t<div class=\"elementor-element elementor-element-372b427 elementor-hidden-mobile elementor-widget elementor-widget-heading\" data-id=\"372b427\" data-element_type=\"widget\" data-widget_type=\"heading.default\">\n\t\t\t\t<div class=\"elementor-widget-container\">\n\t\t\t\t\t<h4 class=\"elementor-heading-title elementor-size-default\">Mi\u0142o\u015b\u0107 uchwycona na zawsze<\/h4>\t\t\t\t<\/div>\n\t\t\t\t<\/div>\n\t\t\t\t<\/div>\n\t\t<div class=\"elementor-element elementor-element-f50460b e-flex e-con-boxed e-con e-parent\" data-id=\"f50460b\" data-element_type=\"container\">\n\t\t\t\t\t<div class=\"e-con-inner\">\n\t\t\t\t<div class=\"elementor-element elementor-element-f930251 elementor-widget elementor-widget-spacer\" data-id=\"f930251\" data-element_type=\"widget\" data-widget_type=\"spacer.default\">\n\t\t\t\t<div class=\"elementor-widget-container\">\n\t\t\t\t\t\t\t<div class=\"elementor-spacer\">\n\t\t\t<div class=\"elementor-spacer-inner\"><\/div>\n\t\t<\/div>\n\t\t\t\t\t\t<\/div>\n\t\t\t\t<\/div>\n\t\t\t\t<div class=\"elementor-element elementor-element-47b324a elementor-widget elementor-widget-text-editor\" data-id=\"47b324a\" data-element_type=\"widget\" data-widget_type=\"text-editor.default\">\n\t\t\t\t<div class=\"elementor-widget-container\">\n\t\t\t\t\t\t\t\t\t<p>Specjalizuj\u0119 si\u0119 w sesjach oraz reporta\u017cach \u015blubnych. Uwieczniam r\u00f3\u017cne etapy tego wydarzenia, aby pokaza\u0107, jakie emocje towarzyszy\u0142y M\u0142odej Parze i ich najbli\u017cszym w tym wyj\u0105tkowym dniu. Je\u015bli wkr\u00f3tce planujesz zmieni\u0107 stan cywilny, to zadbaj o to, aby podczas uroczysto\u015bci pojawi\u0142 si\u0119 na niej fotograf. To dzi\u0119ki jego pracy b\u0119dzie mo\u017cna wraca\u0107 do tych chwil nawet po wielu latach. Skontaktuj si\u0119 ze mn\u0105 i zarezerwuj swoj\u0105 sesj\u0119 lub reporta\u017c \u015blubny ju\u017c teraz!<\/p>\t\t\t\t\t\t\t\t<\/div>\n\t\t\t\t<\/div>\n\t\t\t\t<div class=\"elementor-element elementor-element-00feb05 elementor-widget elementor-widget-spacer\" data-id=\"00feb05\" data-element_type=\"widget\" data-widget_type=\"spacer.default\">\n\t\t\t\t<div class=\"elementor-widget-container\">\n\t\t\t\t\t\t\t<div class=\"elementor-spacer\">\n\t\t\t<div class=\"elementor-spacer-inner\"><\/div>\n\t\t<\/div>\n\t\t\t\t\t\t<\/div>\n\t\t\t\t<\/div>\n\t\t\t\t<div class=\"elementor-element elementor-element-c71af60 elementor-align-center elementor-widget elementor-widget-button\" data-id=\"c71af60\" data-element_type=\"widget\" data-widget_type=\"button.default\">\n\t\t\t\t<div class=\"elementor-widget-container\">\n\t\t\t\t\t\t\t\t\t<div class=\"elementor-button-wrapper\">\n\t\t\t\t\t<a class=\"elementor-button elementor-button-link elementor-size-sm elementor-animation-bob\" href=\"https:\/\/strona-testowa-fotograf.daliamaciejewicz.pl\/?page_id=190\">\n\t\t\t\t\t\t<span class=\"elementor-button-content-wrapper\">\n\t\t\t\t\t\t\t\t\t<span class=\"elementor-button-text\">Zarezerwuj termin sesji<\/span>\n\t\t\t\t\t<\/span>\n\t\t\t\t\t<\/a>\n\t\t\t\t<\/div>\n\t\t\t\t\t\t\t\t<\/div>\n\t\t\t\t<\/div>\n\t\t\t\t<div class=\"elementor-element elementor-element-fbc6945 elementor-widget-divider--view-line elementor-widget elementor-widget-divider\" data-id=\"fbc6945\" data-element_type=\"widget\" data-widget_type=\"divider.default\">\n\t\t\t\t<div class=\"elementor-widget-container\">\n\t\t\t\t\t\t\t<div class=\"elementor-divider\">\n\t\t\t<span class=\"elementor-divider-separator\">\n\t\t\t\t\t\t<\/span>\n\t\t<\/div>\n\t\t\t\t\t\t<\/div>\n\t\t\t\t<\/div>\n\t\t\t\t\t<\/div>\n\t\t\t\t<\/div>\n\t\t<div class=\"elementor-element elementor-element-f475aa4 e-flex e-con-boxed e-con e-parent\" data-id=\"f475aa4\" data-element_type=\"container\">\n\t\t\t\t\t<div class=\"e-con-inner\">\n\t\t\t\t<div class=\"elementor-element elementor-element-3072d39 elementor-widget elementor-widget-heading\" data-id=\"3072d39\" data-element_type=\"widget\" data-widget_type=\"heading.default\">\n\t\t\t\t<div class=\"elementor-widget-container\">\n\t\t\t\t\t<h3 class=\"elementor-heading-title elementor-size-default\">Galeria<\/h3>\t\t\t\t<\/div>\n\t\t\t\t<\/div>\n\t\t\t\t\t<\/div>\n\t\t\t\t<\/div>\n\t\t<div class=\"elementor-element elementor-element-5500177 e-flex e-con-boxed e-con e-parent\" data-id=\"5500177\" data-element_type=\"container\">\n\t\t\t\t\t<div class=\"e-con-inner\">\n\t\t<div class=\"elementor-element elementor-element-ca75ebb e-con-full e-flex e-con e-child\" data-id=\"ca75ebb\" data-element_type=\"container\" data-settings=\"{&quot;background_background&quot;:&quot;classic&quot;}\">\n\t\t\t\t<div class=\"elementor-element elementor-element-b4baf85 elementor-widget elementor-widget-heading\" data-id=\"b4baf85\" data-element_type=\"widget\" data-widget_type=\"heading.default\">\n\t\t\t\t<div class=\"elementor-widget-container\">\n\t\t\t\t\t<h2 class=\"elementor-heading-title elementor-size-default\"><a href=\"https:\/\/strona-testowa-fotograf.daliamaciejewicz.pl\/?page_id=95\">Ceremonia<\/a><\/h2>\t\t\t\t<\/div>\n\t\t\t\t<\/div>\n\t\t\t\t<\/div>\n\t\t<div class=\"elementor-element elementor-element-70518e1 e-con-full e-flex e-con e-child\" data-id=\"70518e1\" data-element_type=\"container\" data-settings=\"{&quot;background_background&quot;:&quot;classic&quot;}\">\n\t\t\t\t<div class=\"elementor-element elementor-element-8432448 elementor-widget elementor-widget-heading\" data-id=\"8432448\" data-element_type=\"widget\" data-widget_type=\"heading.default\">\n\t\t\t\t<div class=\"elementor-widget-container\">\n\t\t\t\t\t<h2 class=\"elementor-heading-title elementor-size-default\"><a href=\"https:\/\/strona-testowa-fotograf.daliamaciejewicz.pl\/?page_id=111\">Wesele<\/a><\/h2>\t\t\t\t<\/div>\n\t\t\t\t<\/div>\n\t\t\t\t<\/div>\n\t\t\t\t\t<\/div>\n\t\t\t\t<\/div>\n\t\t<div class=\"elementor-element elementor-element-ba47f0c e-flex e-con-boxed e-con e-parent\" data-id=\"ba47f0c\" data-element_type=\"container\">\n\t\t\t\t\t<div class=\"e-con-inner\">\n\t\t\t\t<div class=\"elementor-element elementor-element-99bc047 elementor-widget elementor-widget-spacer\" data-id=\"99bc047\" data-element_type=\"widget\" data-widget_type=\"spacer.default\">\n\t\t\t\t<div class=\"elementor-widget-container\">\n\t\t\t\t\t\t\t<div class=\"elementor-spacer\">\n\t\t\t<div class=\"elementor-spacer-inner\"><\/div>\n\t\t<\/div>\n\t\t\t\t\t\t<\/div>\n\t\t\t\t<\/div>\n\t\t\t\t\t<\/div>\n\t\t\t\t<\/div>\n\t\t\t\t<\/div>\n\t\t","protected":false},"excerpt":{"rendered":"<p>Fotografia \u015blubna Mi\u0142o\u015b\u0107 uchwycona na zawsze Specjalizuj\u0119 si\u0119 w sesjach oraz reporta\u017cach \u015blubnych. Uwieczniam r\u00f3\u017cne etapy tego wydarzenia, aby pokaza\u0107, [&hellip;]<\/p>\n","protected":false},"author":1,"featured_media":0,"parent":0,"menu_order":0,"comment_status":"closed","ping_status":"closed","template":"","meta":{"site-sidebar-layout":"no-sidebar","site-content-layout":"","ast-site-content-layout":"full-width-container","site-content-style":"default","site-sidebar-style":"default","ast-global-header-display":"","ast-banner-title-visibility":"","ast-main-header-display":"","ast-hfb-above-header-display":"","ast-hfb-below-header-display":"","ast-hfb-mobile-header-display":"","site-post-title":"disabled","ast-breadcrumbs-content":"","ast-featured-img":"disabled","footer-sml-layout":"","theme-transparent-header-meta":"","adv-header-id-meta":"","stick-header-meta":"","header-above-stick-meta":"","header-main-stick-meta":"","header-below-stick-meta":"","astra-migrate-meta-layouts":"default","ast-page-background-enabled":"default","ast-page-background-meta":{"desktop":{"background-color":"var(--ast-global-color-5)","background-image":"","background-repeat":"repeat","background-position":"center center","background-size":"auto","background-attachment":"scroll","background-type":"","background-media":"","overlay-type":"","overlay-color":"","overlay-opacity":"","overlay-gradient":""},"tablet":{"background-color":"","background-image":"","background-repeat":"repeat","background-position":"center center","background-size":"auto","background-attachment":"scroll","background-type":"","background-media":"","overlay-type":"","overlay-color":"","overlay-opacity":"","overlay-gradient":""},"mobile":{"background-color":"","background-image":"","background-repeat":"repeat","background-position":"center center","background-size":"auto","background-attachment":"scroll","background-type":"","background-media":"","overlay-type":"","overlay-color":"","overlay-opacity":"","overlay-gradient":""}},"ast-content-background-meta":{"desktop":{"background-color":"var(--ast-global-color-4)","background-image":"","background-repeat":"repeat","background-position":"center center","background-size":"auto","background-attachment":"scroll","background-type":"","background-media":"","overlay-type":"","overlay-color":"","overlay-opacity":"","overlay-gradient":""},"tablet":{"background-color":"var(--ast-global-color-4)","background-image":"","background-repeat":"repeat","background-position":"center center","background-size":"auto","background-attachment":"scroll","background-type":"","background-media":"","overlay-type":"","overlay-color":"","overlay-opacity":"","overlay-gradient":""},"mobile":{"background-color":"var(--ast-global-color-4)","background-image":"","background-repeat":"repeat","background-position":"center center","background-size":"auto","background-attachment":"scroll","background-type":"","background-media":"","overlay-type":"","overlay-color":"","overlay-opacity":"","overlay-gradient":""}},"footnotes":""},"class_list":["post-85","page","type-page","status-publish","hentry"],"_links":{"self":[{"href":"https:\/\/strona-testowa-fotograf.daliamaciejewicz.pl\/index.php?rest_route=\/wp\/v2\/pages\/85","targetHints":{"allow":["GET"]}}],"collection":[{"href":"https:\/\/strona-testowa-fotograf.daliamaciejewicz.pl\/index.php?rest_route=\/wp\/v2\/pages"}],"about":[{"href":"https:\/\/strona-testowa-fotograf.daliamaciejewicz.pl\/index.php?rest_route=\/wp\/v2\/types\/page"}],"author":[{"embeddable":true,"href":"https:\/\/strona-testowa-fotograf.daliamaciejewicz.pl\/index.php?rest_route=\/wp\/v2\/users\/1"}],"replies":[{"embeddable":true,"href":"https:\/\/strona-testowa-fotograf.daliamaciejewicz.pl\/index.php?rest_route=%2Fwp%2Fv2%2Fcomments&post=85"}],"version-history":[{"count":22,"href":"https:\/\/strona-testowa-fotograf.daliamaciejewicz.pl\/index.php?rest_route=\/wp\/v2\/pages\/85\/revisions"}],"predecessor-version":[{"id":595,"href":"https:\/\/strona-testowa-fotograf.daliamaciejewicz.pl\/index.php?rest_route=\/wp\/v2\/pages\/85\/revisions\/595"}],"wp:attachment":[{"href":"https:\/\/strona-testowa-fotograf.daliamaciejewicz.pl\/index.php?rest_route=%2Fwp%2Fv2%2Fmedia&parent=85"}],"curies":[{"name":"wp","href":"https:\/\/api.w.org\/{rel}","templated":true}]}}