{"id":34,"date":"2025-06-16T22:28:27","date_gmt":"2025-06-16T20:28:27","guid":{"rendered":"https:\/\/strona-testowa-fotograf.daliamaciejewicz.pl\/?page_id=34"},"modified":"2025-06-17T18:10:02","modified_gmt":"2025-06-17T16:10:02","slug":"glowna","status":"publish","type":"page","link":"https:\/\/strona-testowa-fotograf.daliamaciejewicz.pl\/","title":{"rendered":"g\u0142\u00f3wna"},"content":{"rendered":"\t\t<div data-elementor-type=\"wp-page\" data-elementor-id=\"34\" class=\"elementor elementor-34\" data-elementor-post-type=\"page\">\n\t\t\t\t<div class=\"elementor-element elementor-element-716244f e-flex e-con-boxed e-con e-parent\" data-id=\"716244f\" data-element_type=\"container\" data-settings=\"{&quot;background_background&quot;:&quot;slideshow&quot;,&quot;background_slideshow_gallery&quot;:[{&quot;id&quot;:37,&quot;url&quot;:&quot;https:\\\/\\\/strona-testowa-fotograf.daliamaciejewicz.pl\\\/wp-content\\\/uploads\\\/2025\\\/06\\\/A9A04645.jpg&quot;},{&quot;id&quot;:39,&quot;url&quot;:&quot;https:\\\/\\\/strona-testowa-fotograf.daliamaciejewicz.pl\\\/wp-content\\\/uploads\\\/2025\\\/06\\\/0010angelika.jpg&quot;},{&quot;id&quot;:41,&quot;url&quot;:&quot;https:\\\/\\\/strona-testowa-fotograf.daliamaciejewicz.pl\\\/wp-content\\\/uploads\\\/2025\\\/06\\\/A9A01061.jpg&quot;},{&quot;id&quot;:42,&quot;url&quot;:&quot;https:\\\/\\\/strona-testowa-fotograf.daliamaciejewicz.pl\\\/wp-content\\\/uploads\\\/2025\\\/06\\\/4R8A5792.jpg&quot;},{&quot;id&quot;:40,&quot;url&quot;:&quot;https:\\\/\\\/strona-testowa-fotograf.daliamaciejewicz.pl\\\/wp-content\\\/uploads\\\/2025\\\/06\\\/SESJA_3.jpg&quot;}],&quot;background_slideshow_loop&quot;:&quot;yes&quot;,&quot;background_slideshow_slide_duration&quot;:5000,&quot;background_slideshow_slide_transition&quot;:&quot;fade&quot;,&quot;background_slideshow_transition_duration&quot;:500}\">\n\t\t\t\t\t<div class=\"e-con-inner\">\n\t\t\t\t<div class=\"elementor-element elementor-element-be2e879 elementor-widget-mobile__width-initial elementor-widget elementor-widget-heading\" data-id=\"be2e879\" data-element_type=\"widget\" data-widget_type=\"heading.default\">\n\t\t\t\t<div class=\"elementor-widget-container\">\n\t\t\t\t\t<h3 class=\"elementor-heading-title elementor-size-default\">Uchwycone chwile.\nOpowiedziane obrazem.<\/h3>\t\t\t\t<\/div>\n\t\t\t\t<\/div>\n\t\t\t\t<div class=\"elementor-element elementor-element-d3be151 elementor-widget-divider--view-line elementor-widget elementor-widget-divider\" data-id=\"d3be151\" data-element_type=\"widget\" data-widget_type=\"divider.default\">\n\t\t\t\t<div class=\"elementor-widget-container\">\n\t\t\t\t\t\t\t<div class=\"elementor-divider\">\n\t\t\t<span class=\"elementor-divider-separator\">\n\t\t\t\t\t\t<\/span>\n\t\t<\/div>\n\t\t\t\t\t\t<\/div>\n\t\t\t\t<\/div>\n\t\t\t\t<div class=\"elementor-element elementor-element-a84881d elementor-hidden-tablet elementor-hidden-mobile elementor-widget elementor-widget-heading\" data-id=\"a84881d\" data-element_type=\"widget\" data-widget_type=\"heading.default\">\n\t\t\t\t<div class=\"elementor-widget-container\">\n\t\t\t\t\t<h4 class=\"elementor-heading-title elementor-size-default\">Cze\u015b\u0107! Nazywam si\u0119 Lorem Ipsum i wierz\u0119, \u017ce dobre zdj\u0119cie m\u00f3wi wi\u0119cej ni\u017c s\u0142owa.<\/h4>\t\t\t\t<\/div>\n\t\t\t\t<\/div>\n\t\t\t\t\t<\/div>\n\t\t\t\t<\/div>\n\t\t<div class=\"elementor-element elementor-element-842c6e6 e-con-full e-flex e-con e-parent\" data-id=\"842c6e6\" data-element_type=\"container\">\n\t\t\t\t<div class=\"elementor-element elementor-element-2839571 elementor-widget elementor-widget-spacer\" data-id=\"2839571\" data-element_type=\"widget\" data-widget_type=\"spacer.default\">\n\t\t\t\t<div class=\"elementor-widget-container\">\n\t\t\t\t\t\t\t<div class=\"elementor-spacer\">\n\t\t\t<div class=\"elementor-spacer-inner\"><\/div>\n\t\t<\/div>\n\t\t\t\t\t\t<\/div>\n\t\t\t\t<\/div>\n\t\t\t\t<div class=\"elementor-element elementor-element-d774f7c elementor-widget elementor-widget-text-editor\" data-id=\"d774f7c\" data-element_type=\"widget\" data-widget_type=\"text-editor.default\">\n\t\t\t\t<div class=\"elementor-widget-container\">\n\t\t\t\t\t\t\t\t\t<p data-start=\"144\" data-end=\"545\">Zajmuj\u0119 si\u0119 fotografi\u0105, kt\u00f3ra zatrzymuje prawdziwe emocje i ulotne chwile. Tworz\u0119 pe\u0142ne ciep\u0142a sesje \u015blubne i narzecze\u0144skie, portrety, rodzinne opowie\u015bci, naturalne kadry lifestyle oraz reporta\u017ce z wa\u017cnych wydarze\u0144.<\/p><p data-start=\"144\" data-end=\"545\"><br><\/p><p data-start=\"144\" data-end=\"545\">Ka\u017cda sesja to dla mnie indywidualna historia \u2013 opowiedziana \u015bwiat\u0142em, kolorem i emocj\u0105. Pracuj\u0119 z sercem i uwa\u017cno\u015bci\u0105, by da\u0107 Ci co\u015b wi\u0119cej ni\u017c tylko zdj\u0119cia \u2013 chc\u0119 da\u0107 Ci wspomnienia.<\/p>\t\t\t\t\t\t\t\t<\/div>\n\t\t\t\t<\/div>\n\t\t\t\t<div class=\"elementor-element elementor-element-e507dd1 elementor-widget elementor-widget-spacer\" data-id=\"e507dd1\" data-element_type=\"widget\" data-widget_type=\"spacer.default\">\n\t\t\t\t<div class=\"elementor-widget-container\">\n\t\t\t\t\t\t\t<div class=\"elementor-spacer\">\n\t\t\t<div class=\"elementor-spacer-inner\"><\/div>\n\t\t<\/div>\n\t\t\t\t\t\t<\/div>\n\t\t\t\t<\/div>\n\t\t\t\t<\/div>\n\t\t<div class=\"elementor-element elementor-element-53d87de e-flex e-con-boxed e-con e-parent\" data-id=\"53d87de\" data-element_type=\"container\" id=\"portfolio\">\n\t\t\t\t\t<div class=\"e-con-inner\">\n\t\t<div class=\"elementor-element elementor-element-b7819ea e-con-full e-flex e-con e-child\" data-id=\"b7819ea\" data-element_type=\"container\" data-settings=\"{&quot;background_background&quot;:&quot;classic&quot;}\">\n\t\t\t\t<div class=\"elementor-element elementor-element-d85bf4e elementor-widget elementor-widget-heading\" data-id=\"d85bf4e\" data-element_type=\"widget\" data-widget_type=\"heading.default\">\n\t\t\t\t<div class=\"elementor-widget-container\">\n\t\t\t\t\t<h2 class=\"elementor-heading-title elementor-size-default\"><a href=\"https:\/\/strona-testowa-fotograf.daliamaciejewicz.pl\/?page_id=85\">Fotografia \u015blubna<\/a><\/h2>\t\t\t\t<\/div>\n\t\t\t\t<\/div>\n\t\t\t\t<\/div>\n\t\t<div class=\"elementor-element elementor-element-670f530 e-con-full e-flex e-con e-child\" data-id=\"670f530\" data-element_type=\"container\" data-settings=\"{&quot;background_background&quot;:&quot;classic&quot;}\">\n\t\t\t\t<div class=\"elementor-element elementor-element-668ba2b elementor-widget elementor-widget-heading\" data-id=\"668ba2b\" data-element_type=\"widget\" data-widget_type=\"heading.default\">\n\t\t\t\t<div class=\"elementor-widget-container\">\n\t\t\t\t\t<h2 class=\"elementor-heading-title elementor-size-default\"><a href=\"https:\/\/strona-testowa-fotograf.daliamaciejewicz.pl\/?page_id=117\">Fotografia ci\u0105\u017cowa<\/a><\/h2>\t\t\t\t<\/div>\n\t\t\t\t<\/div>\n\t\t\t\t<\/div>\n\t\t<div class=\"elementor-element elementor-element-e1197e6 e-con-full e-flex e-con e-child\" data-id=\"e1197e6\" data-element_type=\"container\" data-settings=\"{&quot;background_background&quot;:&quot;classic&quot;}\">\n\t\t\t\t<div class=\"elementor-element elementor-element-f1f5cab elementor-widget elementor-widget-heading\" data-id=\"f1f5cab\" data-element_type=\"widget\" data-widget_type=\"heading.default\">\n\t\t\t\t<div class=\"elementor-widget-container\">\n\t\t\t\t\t<h2 class=\"elementor-heading-title elementor-size-default\"><a href=\"https:\/\/strona-testowa-fotograf.daliamaciejewicz.pl\/?page_id=129\">Fotografia sensualna<\/a><\/h2>\t\t\t\t<\/div>\n\t\t\t\t<\/div>\n\t\t\t\t<\/div>\n\t\t<div class=\"elementor-element elementor-element-7dfacdf e-con-full e-flex e-con e-child\" data-id=\"7dfacdf\" data-element_type=\"container\" data-settings=\"{&quot;background_background&quot;:&quot;classic&quot;}\">\n\t\t\t\t<div class=\"elementor-element elementor-element-f1f1cf1 elementor-widget elementor-widget-heading\" data-id=\"f1f1cf1\" data-element_type=\"widget\" data-widget_type=\"heading.default\">\n\t\t\t\t<div class=\"elementor-widget-container\">\n\t\t\t\t\t<h2 class=\"elementor-heading-title elementor-size-default\"><a href=\"https:\/\/strona-testowa-fotograf.daliamaciejewicz.pl\/?page_id=142\">Fotografia portretowa<\/a><\/h2>\t\t\t\t<\/div>\n\t\t\t\t<\/div>\n\t\t\t\t<\/div>\n\t\t\t\t\t<\/div>\n\t\t\t\t<\/div>\n\t\t<div class=\"elementor-element elementor-element-c0f096f e-flex e-con-boxed e-con e-parent\" data-id=\"c0f096f\" data-element_type=\"container\">\n\t\t\t\t\t<div class=\"e-con-inner\">\n\t\t\t\t<div class=\"elementor-element elementor-element-8be8c69 elementor-widget elementor-widget-spacer\" data-id=\"8be8c69\" data-element_type=\"widget\" data-widget_type=\"spacer.default\">\n\t\t\t\t<div class=\"elementor-widget-container\">\n\t\t\t\t\t\t\t<div class=\"elementor-spacer\">\n\t\t\t<div class=\"elementor-spacer-inner\"><\/div>\n\t\t<\/div>\n\t\t\t\t\t\t<\/div>\n\t\t\t\t<\/div>\n\t\t\t\t<div class=\"elementor-element elementor-element-1bb42b1 elementor-widget elementor-widget-text-editor\" data-id=\"1bb42b1\" data-element_type=\"widget\" data-widget_type=\"text-editor.default\">\n\t\t\t\t<div class=\"elementor-widget-container\">\n\t\t\t\t\t\t\t\t\t<div class=\"ppb_header_content\"><p>Fotografuj\u0119 na terenie ca\u0142ego kraju. Najcz\u0119\u015bciej bywam w takich miastach jak Lublin, Siedlce, Warszawa, Bia\u0142ystok, \u0141uk\u00f3w, Ryki, Che\u0142m, Pu\u0142awy i Radom. G\u0142ownie zajmuj\u0119 si\u0119 fotografi\u0105 \u015blubn\u0105, reporta\u017cow\u0105, portretow\u0105. zapraszam do kontaktu<\/p><\/div>\t\t\t\t\t\t\t\t<\/div>\n\t\t\t\t<\/div>\n\t\t\t\t<div class=\"elementor-element elementor-element-7961ff1 elementor-align-center elementor-widget elementor-widget-button\" data-id=\"7961ff1\" data-element_type=\"widget\" data-widget_type=\"button.default\">\n\t\t\t\t<div class=\"elementor-widget-container\">\n\t\t\t\t\t\t\t\t\t<div class=\"elementor-button-wrapper\">\n\t\t\t\t\t<a class=\"elementor-button elementor-button-link elementor-size-sm elementor-animation-buzz-out\" href=\"https:\/\/strona-testowa-fotograf.daliamaciejewicz.pl\/?page_id=190\">\n\t\t\t\t\t\t<span class=\"elementor-button-content-wrapper\">\n\t\t\t\t\t\t\t\t\t<span class=\"elementor-button-text\">Po wi\u0119cej informacji kliknij tutaj<\/span>\n\t\t\t\t\t<\/span>\n\t\t\t\t\t<\/a>\n\t\t\t\t<\/div>\n\t\t\t\t\t\t\t\t<\/div>\n\t\t\t\t<\/div>\n\t\t\t\t\t<\/div>\n\t\t\t\t<\/div>\n\t\t<div class=\"elementor-element elementor-element-b83e0ce e-con-full e-flex e-con e-parent\" data-id=\"b83e0ce\" data-element_type=\"container\">\n\t\t\t\t<div class=\"elementor-element elementor-element-10d695d elementor-widget elementor-widget-spacer\" data-id=\"10d695d\" data-element_type=\"widget\" data-widget_type=\"spacer.default\">\n\t\t\t\t<div class=\"elementor-widget-container\">\n\t\t\t\t\t\t\t<div class=\"elementor-spacer\">\n\t\t\t<div class=\"elementor-spacer-inner\"><\/div>\n\t\t<\/div>\n\t\t\t\t\t\t<\/div>\n\t\t\t\t<\/div>\n\t\t\t\t<\/div>\n\t\t<div class=\"elementor-element elementor-element-1f6f8e5 e-con-full e-flex e-con e-parent\" data-id=\"1f6f8e5\" data-element_type=\"container\" data-settings=\"{&quot;background_background&quot;:&quot;classic&quot;}\">\n\t\t\t\t<\/div>\n\t\t<div class=\"elementor-element elementor-element-73560e0 e-flex e-con-boxed e-con e-parent\" data-id=\"73560e0\" data-element_type=\"container\">\n\t\t\t\t\t<div class=\"e-con-inner\">\n\t\t\t\t<div class=\"elementor-element elementor-element-6a0da68 elementor-widget elementor-widget-spacer\" data-id=\"6a0da68\" data-element_type=\"widget\" data-widget_type=\"spacer.default\">\n\t\t\t\t<div class=\"elementor-widget-container\">\n\t\t\t\t\t\t\t<div class=\"elementor-spacer\">\n\t\t\t<div class=\"elementor-spacer-inner\"><\/div>\n\t\t<\/div>\n\t\t\t\t\t\t<\/div>\n\t\t\t\t<\/div>\n\t\t\t\t<div class=\"elementor-element elementor-element-dd60657 elementor-widget elementor-widget-heading\" data-id=\"dd60657\" data-element_type=\"widget\" data-widget_type=\"heading.default\">\n\t\t\t\t<div class=\"elementor-widget-container\">\n\t\t\t\t\t<h3 class=\"elementor-heading-title elementor-size-default\">S\u0142owa, kt\u00f3re znacz\u0105 najwi\u0119cej.<\/h3>\t\t\t\t<\/div>\n\t\t\t\t<\/div>\n\t\t\t\t<div class=\"elementor-element elementor-element-5fb3f3c elementor-widget elementor-widget-text-editor\" data-id=\"5fb3f3c\" data-element_type=\"widget\" data-widget_type=\"text-editor.default\">\n\t\t\t\t<div class=\"elementor-widget-container\">\n\t\t\t\t\t\t\t\t\t<p data-start=\"292\" data-end=\"441\">Ka\u017cda opinia to dla mnie potwierdzenie, \u017ce to, co robi\u0119, ma sens. Dzi\u0119kuj\u0119 za zaufanie i ka\u017cd\u0105 wsp\u00f3ln\u0105 histori\u0119.<\/p>\t\t\t\t\t\t\t\t<\/div>\n\t\t\t\t<\/div>\n\t\t\t\t\t<\/div>\n\t\t\t\t<\/div>\n\t\t<div class=\"elementor-element elementor-element-debefea e-flex e-con-boxed e-con e-parent\" data-id=\"debefea\" data-element_type=\"container\">\n\t\t\t\t\t<div class=\"e-con-inner\">\n\t\t\t\t<div class=\"elementor-element elementor-element-538a062 elementor-widget elementor-widget-image\" data-id=\"538a062\" data-element_type=\"widget\" data-widget_type=\"image.default\">\n\t\t\t\t<div class=\"elementor-widget-container\">\n\t\t\t\t\t\t\t\t\t\t\t\t\t\t\t\t<a href=\"https:\/\/www.google.com\/search?client=opera&#038;hs=dkD&#038;sca_esv=891adaa60c792029&#038;sxsrf=AE3TifOx8CCmnode1phEw2fUiQMsHP7ZSQ:1750156432274&#038;si=AMgyJEvkVjFQtirYNBhM3ZJIRTaSJ6PxY6y1_6WZHGInbzDnMc-NYz5pguTrqD2GYM4e85FU5hjckFlBk0klR6OKpUHZHy8WKrzJDp1vD5smUDOUhci4EY0x-gbqPV62-bPifwclPxwfRNxL872I3G_18OsFFpWnTPqq1UDAu78738nGX7s4-5V8ZZKGpgDZOkJGKzDjPGwyVSppaKayHGqUWEKEcveMV9XZSVpQ71zickP_S-m8bsBEoKvlSjbNoQJuXOzdsMX1pgBGVc46PKRwWB7zwmD3tA%3D%3D&#038;q=Studio+Fotograficzne+Konrad+Huda\u015b+-+Zdj\u0119cia+do+dokument\u00f3w+-+Fotografia+\u015alubna+-+Sesje+Biznesowe+-Zdj\u0119cia+t\u0119cz\u00f3wki+oka+Opinie&#038;sa=X&#038;ved=2ahUKEwj9v8njoPiNAxXJHRAIHfcJCdAQ0bkNegQIKxAE&#038;biw=1482&#038;bih=703&#038;dpr=1.25\">\n\t\t\t\t\t\t\t<img fetchpriority=\"high\" decoding=\"async\" width=\"1024\" height=\"1024\" src=\"https:\/\/strona-testowa-fotograf.daliamaciejewicz.pl\/wp-content\/uploads\/2025\/06\/Ocen-nas-w-Google-naklejka-kolor-1024x1024.jpg\" class=\"elementor-animation-bob attachment-large size-large wp-image-186\" alt=\"\" srcset=\"https:\/\/strona-testowa-fotograf.daliamaciejewicz.pl\/wp-content\/uploads\/2025\/06\/Ocen-nas-w-Google-naklejka-kolor-1024x1024.jpg 1024w, https:\/\/strona-testowa-fotograf.daliamaciejewicz.pl\/wp-content\/uploads\/2025\/06\/Ocen-nas-w-Google-naklejka-kolor-300x300.jpg 300w, https:\/\/strona-testowa-fotograf.daliamaciejewicz.pl\/wp-content\/uploads\/2025\/06\/Ocen-nas-w-Google-naklejka-kolor-150x150.jpg 150w, https:\/\/strona-testowa-fotograf.daliamaciejewicz.pl\/wp-content\/uploads\/2025\/06\/Ocen-nas-w-Google-naklejka-kolor-768x768.jpg 768w, https:\/\/strona-testowa-fotograf.daliamaciejewicz.pl\/wp-content\/uploads\/2025\/06\/Ocen-nas-w-Google-naklejka-kolor.jpg 1419w\" sizes=\"(max-width: 1024px) 100vw, 1024px\" \/>\t\t\t\t\t\t\t\t<\/a>\n\t\t\t\t\t\t\t\t\t\t\t\t\t\t\t<\/div>\n\t\t\t\t<\/div>\n\t\t\t\t<div class=\"elementor-element elementor-element-3beca84 elementor-widget elementor-widget-spacer\" data-id=\"3beca84\" data-element_type=\"widget\" data-widget_type=\"spacer.default\">\n\t\t\t\t<div class=\"elementor-widget-container\">\n\t\t\t\t\t\t\t<div class=\"elementor-spacer\">\n\t\t\t<div class=\"elementor-spacer-inner\"><\/div>\n\t\t<\/div>\n\t\t\t\t\t\t<\/div>\n\t\t\t\t<\/div>\n\t\t\t\t\t<\/div>\n\t\t\t\t<\/div>\n\t\t<div class=\"elementor-element elementor-element-aaad252 e-flex e-con-boxed e-con e-parent\" data-id=\"aaad252\" data-element_type=\"container\">\n\t\t\t\t\t<div class=\"e-con-inner\">\n\t\t\t\t\t<\/div>\n\t\t\t\t<\/div>\n\t\t\t\t<\/div>\n\t\t","protected":false},"excerpt":{"rendered":"<p>Uchwycone chwile. Opowiedziane obrazem. Cze\u015b\u0107! Nazywam si\u0119 Lorem Ipsum i wierz\u0119, \u017ce dobre zdj\u0119cie m\u00f3wi wi\u0119cej ni\u017c s\u0142owa. Zajmuj\u0119 si\u0119 [&hellip;]<\/p>\n","protected":false},"author":1,"featured_media":0,"parent":0,"menu_order":0,"comment_status":"closed","ping_status":"closed","template":"","meta":{"site-sidebar-layout":"no-sidebar","site-content-layout":"","ast-site-content-layout":"full-width-container","site-content-style":"default","site-sidebar-style":"default","ast-global-header-display":"","ast-banner-title-visibility":"","ast-main-header-display":"","ast-hfb-above-header-display":"","ast-hfb-below-header-display":"","ast-hfb-mobile-header-display":"","site-post-title":"disabled","ast-breadcrumbs-content":"","ast-featured-img":"disabled","footer-sml-layout":"","theme-transparent-header-meta":"","adv-header-id-meta":"","stick-header-meta":"","header-above-stick-meta":"","header-main-stick-meta":"","header-below-stick-meta":"","astra-migrate-meta-layouts":"default","ast-page-background-enabled":"default","ast-page-background-meta":{"desktop":{"background-color":"var(--ast-global-color-5)","background-image":"","background-repeat":"repeat","background-position":"center center","background-size":"auto","background-attachment":"scroll","background-type":"","background-media":"","overlay-type":"","overlay-color":"","overlay-opacity":"","overlay-gradient":""},"tablet":{"background-color":"","background-image":"","background-repeat":"repeat","background-position":"center center","background-size":"auto","background-attachment":"scroll","background-type":"","background-media":"","overlay-type":"","overlay-color":"","overlay-opacity":"","overlay-gradient":""},"mobile":{"background-color":"","background-image":"","background-repeat":"repeat","background-position":"center center","background-size":"auto","background-attachment":"scroll","background-type":"","background-media":"","overlay-type":"","overlay-color":"","overlay-opacity":"","overlay-gradient":""}},"ast-content-background-meta":{"desktop":{"background-color":"var(--ast-global-color-4)","background-image":"","background-repeat":"repeat","background-position":"center center","background-size":"auto","background-attachment":"scroll","background-type":"","background-media":"","overlay-type":"","overlay-color":"","overlay-opacity":"","overlay-gradient":""},"tablet":{"background-color":"var(--ast-global-color-4)","background-image":"","background-repeat":"repeat","background-position":"center center","background-size":"auto","background-attachment":"scroll","background-type":"","background-media":"","overlay-type":"","overlay-color":"","overlay-opacity":"","overlay-gradient":""},"mobile":{"background-color":"var(--ast-global-color-4)","background-image":"","background-repeat":"repeat","background-position":"center center","background-size":"auto","background-attachment":"scroll","background-type":"","background-media":"","overlay-type":"","overlay-color":"","overlay-opacity":"","overlay-gradient":""}},"footnotes":""},"class_list":["post-34","page","type-page","status-publish","hentry"],"_links":{"self":[{"href":"https:\/\/strona-testowa-fotograf.daliamaciejewicz.pl\/index.php?rest_route=\/wp\/v2\/pages\/34","targetHints":{"allow":["GET"]}}],"collection":[{"href":"https:\/\/strona-testowa-fotograf.daliamaciejewicz.pl\/index.php?rest_route=\/wp\/v2\/pages"}],"about":[{"href":"https:\/\/strona-testowa-fotograf.daliamaciejewicz.pl\/index.php?rest_route=\/wp\/v2\/types\/page"}],"author":[{"embeddable":true,"href":"https:\/\/strona-testowa-fotograf.daliamaciejewicz.pl\/index.php?rest_route=\/wp\/v2\/users\/1"}],"replies":[{"embeddable":true,"href":"https:\/\/strona-testowa-fotograf.daliamaciejewicz.pl\/index.php?rest_route=%2Fwp%2Fv2%2Fcomments&post=34"}],"version-history":[{"count":121,"href":"https:\/\/strona-testowa-fotograf.daliamaciejewicz.pl\/index.php?rest_route=\/wp\/v2\/pages\/34\/revisions"}],"predecessor-version":[{"id":453,"href":"https:\/\/strona-testowa-fotograf.daliamaciejewicz.pl\/index.php?rest_route=\/wp\/v2\/pages\/34\/revisions\/453"}],"wp:attachment":[{"href":"https:\/\/strona-testowa-fotograf.daliamaciejewicz.pl\/index.php?rest_route=%2Fwp%2Fv2%2Fmedia&parent=34"}],"curies":[{"name":"wp","href":"https:\/\/api.w.org\/{rel}","templated":true}]}}