{"id":162,"date":"2025-06-17T11:48:49","date_gmt":"2025-06-17T09:48:49","guid":{"rendered":"https:\/\/strona-testowa-fotograf.daliamaciejewicz.pl\/?page_id=162"},"modified":"2025-06-17T18:32:47","modified_gmt":"2025-06-17T16:32:47","slug":"o-mnie","status":"publish","type":"page","link":"https:\/\/strona-testowa-fotograf.daliamaciejewicz.pl\/?page_id=162","title":{"rendered":"o mnie"},"content":{"rendered":"\t\t<div data-elementor-type=\"wp-page\" data-elementor-id=\"162\" class=\"elementor elementor-162\" data-elementor-post-type=\"page\">\n\t\t\t\t<div class=\"elementor-element elementor-element-bab7033 e-con-full e-flex e-con e-parent\" data-id=\"bab7033\" data-element_type=\"container\" data-settings=\"{&quot;background_background&quot;:&quot;classic&quot;}\">\n\t\t\t\t<div class=\"elementor-element elementor-element-cb68053 elementor-widget elementor-widget-heading\" data-id=\"cb68053\" data-element_type=\"widget\" data-widget_type=\"heading.default\">\n\t\t\t\t<div class=\"elementor-widget-container\">\n\t\t\t\t\t<h3 class=\"elementor-heading-title elementor-size-default\">O mnie<\/h3>\t\t\t\t<\/div>\n\t\t\t\t<\/div>\n\t\t\t\t<div class=\"elementor-element elementor-element-144db8c elementor-hidden-mobile elementor-widget-divider--view-line elementor-widget elementor-widget-divider\" data-id=\"144db8c\" data-element_type=\"widget\" data-widget_type=\"divider.default\">\n\t\t\t\t<div class=\"elementor-widget-container\">\n\t\t\t\t\t\t\t<div class=\"elementor-divider\">\n\t\t\t<span class=\"elementor-divider-separator\">\n\t\t\t\t\t\t<\/span>\n\t\t<\/div>\n\t\t\t\t\t\t<\/div>\n\t\t\t\t<\/div>\n\t\t\t\t<div class=\"elementor-element elementor-element-5317171 elementor-hidden-mobile elementor-widget elementor-widget-heading\" data-id=\"5317171\" data-element_type=\"widget\" data-widget_type=\"heading.default\">\n\t\t\t\t<div class=\"elementor-widget-container\">\n\t\t\t\t\t<h4 class=\"elementor-heading-title elementor-size-default\">Z aparatem w r\u0119ku \u2013 s\u0142ucham, patrz\u0119, czuj\u0119<\/h4>\t\t\t\t<\/div>\n\t\t\t\t<\/div>\n\t\t\t\t<\/div>\n\t\t<div class=\"elementor-element elementor-element-f1f4ac8 e-con-full e-flex e-con e-parent\" data-id=\"f1f4ac8\" data-element_type=\"container\">\n\t\t<div class=\"elementor-element elementor-element-4012521 e-con-full e-flex e-con e-child\" data-id=\"4012521\" data-element_type=\"container\">\n\t\t\t\t<div class=\"elementor-element elementor-element-0241300 elementor-widget elementor-widget-spacer\" data-id=\"0241300\" data-element_type=\"widget\" data-widget_type=\"spacer.default\">\n\t\t\t\t<div class=\"elementor-widget-container\">\n\t\t\t\t\t\t\t<div class=\"elementor-spacer\">\n\t\t\t<div class=\"elementor-spacer-inner\"><\/div>\n\t\t<\/div>\n\t\t\t\t\t\t<\/div>\n\t\t\t\t<\/div>\n\t\t\t\t<div class=\"elementor-element elementor-element-302f251 elementor-widget elementor-widget-heading\" data-id=\"302f251\" data-element_type=\"widget\" data-widget_type=\"heading.default\">\n\t\t\t\t<div class=\"elementor-widget-container\">\n\t\t\t\t\t<h1 class=\"elementor-heading-title elementor-size-default\">Lorem Ipsum fotografia<\/h1>\t\t\t\t<\/div>\n\t\t\t\t<\/div>\n\t\t\t\t<div class=\"elementor-element elementor-element-3df3e2f elementor-widget-divider--view-line elementor-widget elementor-widget-divider\" data-id=\"3df3e2f\" data-element_type=\"widget\" data-widget_type=\"divider.default\">\n\t\t\t\t<div class=\"elementor-widget-container\">\n\t\t\t\t\t\t\t<div class=\"elementor-divider\">\n\t\t\t<span class=\"elementor-divider-separator\">\n\t\t\t\t\t\t<\/span>\n\t\t<\/div>\n\t\t\t\t\t\t<\/div>\n\t\t\t\t<\/div>\n\t\t\t\t<div class=\"elementor-element elementor-element-b857316 elementor-drop-cap-yes elementor-drop-cap-view-default elementor-widget elementor-widget-text-editor\" data-id=\"b857316\" data-element_type=\"widget\" data-settings=\"{&quot;drop_cap&quot;:&quot;yes&quot;}\" data-widget_type=\"text-editor.default\">\n\t\t\t\t<div class=\"elementor-widget-container\">\n\t\t\t\t\t\t\t\t\t<p data-start=\"399\" data-end=\"675\">Mam na imi\u0119 Lorem Ipsum i od kilku lat fotografia jest nie tylko moj\u0105 prac\u0105, ale przede wszystkim sposobem patrzenia na \u015bwiat.<br data-start=\"526\" data-end=\"529\" \/>To nie aparat robi zdj\u0119cia \u2014 robi je cz\u0142owiek. I to cz\u0142owieka chc\u0119 pokazywa\u0107 w swoich kadrach.<br data-start=\"623\" data-end=\"626\" \/>Bez masek, bez udawania, bez przerysowanych scen.<\/p><p data-start=\"677\" data-end=\"972\">Specjalizuj\u0119 si\u0119 w <strong data-start=\"696\" data-end=\"735\">fotografii portretowej i sensualnej<\/strong>, bo w\u0142a\u015bnie tam najcz\u0119\u015bciej pojawia si\u0119 co\u015b prawdziwego \u2014 spojrzenie, kt\u00f3rego nie da si\u0119 wyre\u017cyserowa\u0107. Chwila, w kt\u00f3rej kto\u015b zapomina, \u017ce stoi przed obiektywem.<br data-start=\"897\" data-end=\"900\" \/>To nie musi by\u0107 pozowane. To nie musi by\u0107 perfekcyjne. Ma by\u0107 <strong data-start=\"962\" data-end=\"971\">Twoje<\/strong>.<\/p><p data-start=\"974\" data-end=\"1231\">Z kobietami, kt\u00f3re staj\u0105 przed moim aparatem, tworz\u0119 przestrze\u0144 pe\u0142n\u0105 zaufania, szacunku i spokoju.<br data-start=\"1073\" data-end=\"1076\" \/>Nie przychodzisz na sesj\u0119, \u017ceby co\u015b \u201ezagra\u0107\u201d. Przychodzisz, \u017ceby by\u0107 sob\u0105 \u2014 mo\u017ce nawet po raz pierwszy od dawna zobaczy\u0107 siebie tak\u0105, jak\u0105 jeste\u015b naprawd\u0119.<\/p><p data-start=\"1442\" data-end=\"1652\">Pracuj\u0119 g\u0142\u00f3wnie w Lublinie, ale fotografia nie zna granic \u2014 je\u015bli czujesz, \u017ce chcesz stan\u0105\u0107 przed moim obiektywem, napisz.<br data-start=\"1573\" data-end=\"1576\" \/>Mo\u017ce to w\u0142a\u015bnie ten moment, by zobaczy\u0107 siebie z zupe\u0142nie nowej perspektywy.<\/p>\t\t\t\t\t\t\t\t<\/div>\n\t\t\t\t<\/div>\n\t\t\t\t<div class=\"elementor-element elementor-element-36576f3 elementor-widget elementor-widget-spacer\" data-id=\"36576f3\" data-element_type=\"widget\" data-widget_type=\"spacer.default\">\n\t\t\t\t<div class=\"elementor-widget-container\">\n\t\t\t\t\t\t\t<div class=\"elementor-spacer\">\n\t\t\t<div class=\"elementor-spacer-inner\"><\/div>\n\t\t<\/div>\n\t\t\t\t\t\t<\/div>\n\t\t\t\t<\/div>\n\t\t\t\t<\/div>\n\t\t<div class=\"elementor-element elementor-element-c60754e e-con-full e-flex e-con e-child\" data-id=\"c60754e\" data-element_type=\"container\">\n\t\t\t\t<div class=\"elementor-element elementor-element-c2a41dc elementor-widget elementor-widget-spacer\" data-id=\"c2a41dc\" data-element_type=\"widget\" data-widget_type=\"spacer.default\">\n\t\t\t\t<div class=\"elementor-widget-container\">\n\t\t\t\t\t\t\t<div class=\"elementor-spacer\">\n\t\t\t<div class=\"elementor-spacer-inner\"><\/div>\n\t\t<\/div>\n\t\t\t\t\t\t<\/div>\n\t\t\t\t<\/div>\n\t\t\t\t<div class=\"elementor-element elementor-element-478ee2e elementor-widget elementor-widget-image\" data-id=\"478ee2e\" data-element_type=\"widget\" data-widget_type=\"image.default\">\n\t\t\t\t<div class=\"elementor-widget-container\">\n\t\t\t\t\t\t\t\t\t\t\t\t\t\t\t<img fetchpriority=\"high\" decoding=\"async\" width=\"1024\" height=\"683\" src=\"https:\/\/strona-testowa-fotograf.daliamaciejewicz.pl\/wp-content\/uploads\/2025\/06\/shutterstock_150468989-1024x683.jpg\" class=\"attachment-large size-large wp-image-164\" alt=\"\" srcset=\"https:\/\/strona-testowa-fotograf.daliamaciejewicz.pl\/wp-content\/uploads\/2025\/06\/shutterstock_150468989-1024x683.jpg 1024w, https:\/\/strona-testowa-fotograf.daliamaciejewicz.pl\/wp-content\/uploads\/2025\/06\/shutterstock_150468989-300x200.jpg 300w, https:\/\/strona-testowa-fotograf.daliamaciejewicz.pl\/wp-content\/uploads\/2025\/06\/shutterstock_150468989-768x512.jpg 768w, https:\/\/strona-testowa-fotograf.daliamaciejewicz.pl\/wp-content\/uploads\/2025\/06\/shutterstock_150468989-1536x1024.jpg 1536w, https:\/\/strona-testowa-fotograf.daliamaciejewicz.pl\/wp-content\/uploads\/2025\/06\/shutterstock_150468989-2048x1366.jpg 2048w\" sizes=\"(max-width: 1024px) 100vw, 1024px\" \/>\t\t\t\t\t\t\t\t\t\t\t\t\t\t\t<\/div>\n\t\t\t\t<\/div>\n\t\t\t\t<\/div>\n\t\t\t\t<\/div>\n\t\t\t\t<\/div>\n\t\t","protected":false},"excerpt":{"rendered":"<p>O mnie Z aparatem w r\u0119ku \u2013 s\u0142ucham, patrz\u0119, czuj\u0119 Lorem Ipsum fotografia Mam na imi\u0119 Lorem Ipsum i od [&hellip;]<\/p>\n","protected":false},"author":1,"featured_media":0,"parent":0,"menu_order":0,"comment_status":"closed","ping_status":"closed","template":"","meta":{"site-sidebar-layout":"no-sidebar","site-content-layout":"","ast-site-content-layout":"full-width-container","site-content-style":"default","site-sidebar-style":"default","ast-global-header-display":"","ast-banner-title-visibility":"","ast-main-header-display":"","ast-hfb-above-header-display":"","ast-hfb-below-header-display":"","ast-hfb-mobile-header-display":"","site-post-title":"disabled","ast-breadcrumbs-content":"","ast-featured-img":"disabled","footer-sml-layout":"","theme-transparent-header-meta":"","adv-header-id-meta":"","stick-header-meta":"","header-above-stick-meta":"","header-main-stick-meta":"","header-below-stick-meta":"","astra-migrate-meta-layouts":"default","ast-page-background-enabled":"default","ast-page-background-meta":{"desktop":{"background-color":"var(--ast-global-color-5)","background-image":"","background-repeat":"repeat","background-position":"center center","background-size":"auto","background-attachment":"scroll","background-type":"","background-media":"","overlay-type":"","overlay-color":"","overlay-opacity":"","overlay-gradient":""},"tablet":{"background-color":"","background-image":"","background-repeat":"repeat","background-position":"center center","background-size":"auto","background-attachment":"scroll","background-type":"","background-media":"","overlay-type":"","overlay-color":"","overlay-opacity":"","overlay-gradient":""},"mobile":{"background-color":"","background-image":"","background-repeat":"repeat","background-position":"center center","background-size":"auto","background-attachment":"scroll","background-type":"","background-media":"","overlay-type":"","overlay-color":"","overlay-opacity":"","overlay-gradient":""}},"ast-content-background-meta":{"desktop":{"background-color":"var(--ast-global-color-4)","background-image":"","background-repeat":"repeat","background-position":"center center","background-size":"auto","background-attachment":"scroll","background-type":"","background-media":"","overlay-type":"","overlay-color":"","overlay-opacity":"","overlay-gradient":""},"tablet":{"background-color":"var(--ast-global-color-4)","background-image":"","background-repeat":"repeat","background-position":"center center","background-size":"auto","background-attachment":"scroll","background-type":"","background-media":"","overlay-type":"","overlay-color":"","overlay-opacity":"","overlay-gradient":""},"mobile":{"background-color":"var(--ast-global-color-4)","background-image":"","background-repeat":"repeat","background-position":"center center","background-size":"auto","background-attachment":"scroll","background-type":"","background-media":"","overlay-type":"","overlay-color":"","overlay-opacity":"","overlay-gradient":""}},"footnotes":""},"class_list":["post-162","page","type-page","status-publish","hentry"],"_links":{"self":[{"href":"https:\/\/strona-testowa-fotograf.daliamaciejewicz.pl\/index.php?rest_route=\/wp\/v2\/pages\/162","targetHints":{"allow":["GET"]}}],"collection":[{"href":"https:\/\/strona-testowa-fotograf.daliamaciejewicz.pl\/index.php?rest_route=\/wp\/v2\/pages"}],"about":[{"href":"https:\/\/strona-testowa-fotograf.daliamaciejewicz.pl\/index.php?rest_route=\/wp\/v2\/types\/page"}],"author":[{"embeddable":true,"href":"https:\/\/strona-testowa-fotograf.daliamaciejewicz.pl\/index.php?rest_route=\/wp\/v2\/users\/1"}],"replies":[{"embeddable":true,"href":"https:\/\/strona-testowa-fotograf.daliamaciejewicz.pl\/index.php?rest_route=%2Fwp%2Fv2%2Fcomments&post=162"}],"version-history":[{"count":37,"href":"https:\/\/strona-testowa-fotograf.daliamaciejewicz.pl\/index.php?rest_route=\/wp\/v2\/pages\/162\/revisions"}],"predecessor-version":[{"id":512,"href":"https:\/\/strona-testowa-fotograf.daliamaciejewicz.pl\/index.php?rest_route=\/wp\/v2\/pages\/162\/revisions\/512"}],"wp:attachment":[{"href":"https:\/\/strona-testowa-fotograf.daliamaciejewicz.pl\/index.php?rest_route=%2Fwp%2Fv2%2Fmedia&parent=162"}],"curies":[{"name":"wp","href":"https:\/\/api.w.org\/{rel}","templated":true}]}}