{"id":129,"date":"2025-06-17T11:33:19","date_gmt":"2025-06-17T09:33:19","guid":{"rendered":"https:\/\/strona-testowa-fotograf.daliamaciejewicz.pl\/?page_id=129"},"modified":"2025-06-17T18:26:59","modified_gmt":"2025-06-17T16:26:59","slug":"sensual","status":"publish","type":"page","link":"https:\/\/strona-testowa-fotograf.daliamaciejewicz.pl\/?page_id=129","title":{"rendered":"sensual"},"content":{"rendered":"\t\t<div data-elementor-type=\"wp-page\" data-elementor-id=\"129\" class=\"elementor elementor-129\" data-elementor-post-type=\"page\">\n\t\t\t\t<div class=\"elementor-element elementor-element-13b1630 e-con-full e-flex e-con e-parent\" data-id=\"13b1630\" data-element_type=\"container\" data-settings=\"{&quot;background_background&quot;:&quot;slideshow&quot;,&quot;background_slideshow_gallery&quot;:[{&quot;id&quot;:62,&quot;url&quot;:&quot;https:\\\/\\\/strona-testowa-fotograf.daliamaciejewicz.pl\\\/wp-content\\\/uploads\\\/2025\\\/06\\\/SESJA_2.jpg&quot;},{&quot;id&quot;:40,&quot;url&quot;:&quot;https:\\\/\\\/strona-testowa-fotograf.daliamaciejewicz.pl\\\/wp-content\\\/uploads\\\/2025\\\/06\\\/SESJA_3.jpg&quot;},{&quot;id&quot;:59,&quot;url&quot;:&quot;https:\\\/\\\/strona-testowa-fotograf.daliamaciejewicz.pl\\\/wp-content\\\/uploads\\\/2025\\\/06\\\/0005sesja_sensualna.jpg&quot;},{&quot;id&quot;:61,&quot;url&quot;:&quot;https:\\\/\\\/strona-testowa-fotograf.daliamaciejewicz.pl\\\/wp-content\\\/uploads\\\/2025\\\/06\\\/0006sesja_sensualna.jpg&quot;}],&quot;background_slideshow_slide_duration&quot;:3000,&quot;background_slideshow_loop&quot;:&quot;yes&quot;,&quot;background_slideshow_slide_transition&quot;:&quot;fade&quot;,&quot;background_slideshow_transition_duration&quot;:500}\">\n\t\t\t\t<div class=\"elementor-element elementor-element-c6004f2 elementor-widget elementor-widget-heading\" data-id=\"c6004f2\" data-element_type=\"widget\" data-widget_type=\"heading.default\">\n\t\t\t\t<div class=\"elementor-widget-container\">\n\t\t\t\t\t<h3 class=\"elementor-heading-title elementor-size-default\">Fotografia sensualna<\/h3>\t\t\t\t<\/div>\n\t\t\t\t<\/div>\n\t\t\t\t<div class=\"elementor-element elementor-element-e9a6f07 elementor-hidden-mobile elementor-widget-divider--view-line elementor-widget elementor-widget-divider\" data-id=\"e9a6f07\" data-element_type=\"widget\" data-widget_type=\"divider.default\">\n\t\t\t\t<div class=\"elementor-widget-container\">\n\t\t\t\t\t\t\t<div class=\"elementor-divider\">\n\t\t\t<span class=\"elementor-divider-separator\">\n\t\t\t\t\t\t<\/span>\n\t\t<\/div>\n\t\t\t\t\t\t<\/div>\n\t\t\t\t<\/div>\n\t\t\t\t<div class=\"elementor-element elementor-element-db3c93e elementor-hidden-mobile elementor-widget elementor-widget-heading\" data-id=\"db3c93e\" data-element_type=\"widget\" data-widget_type=\"heading.default\">\n\t\t\t\t<div class=\"elementor-widget-container\">\n\t\t\t\t\t<h4 class=\"elementor-heading-title elementor-size-default\">Intymno\u015b\u0107 w najlepszym \u015bwietle<\/h4>\t\t\t\t<\/div>\n\t\t\t\t<\/div>\n\t\t\t\t<\/div>\n\t\t<div class=\"elementor-element elementor-element-319d3eb e-flex e-con-boxed e-con e-parent\" data-id=\"319d3eb\" data-element_type=\"container\">\n\t\t\t\t\t<div class=\"e-con-inner\">\n\t\t\t\t<div class=\"elementor-element elementor-element-672da9c elementor-widget elementor-widget-spacer\" data-id=\"672da9c\" data-element_type=\"widget\" data-widget_type=\"spacer.default\">\n\t\t\t\t<div class=\"elementor-widget-container\">\n\t\t\t\t\t\t\t<div class=\"elementor-spacer\">\n\t\t\t<div class=\"elementor-spacer-inner\"><\/div>\n\t\t<\/div>\n\t\t\t\t\t\t<\/div>\n\t\t\t\t<\/div>\n\t\t\t\t<div class=\"elementor-element elementor-element-3db71ad elementor-widget elementor-widget-text-editor\" data-id=\"3db71ad\" data-element_type=\"widget\" data-widget_type=\"text-editor.default\">\n\t\t\t\t<div class=\"elementor-widget-container\">\n\t\t\t\t\t\t\t\t\t<p>Szczeg\u00f3lne miejsce w moim portfolio zajmuj\u0105 zdj\u0119cia sensualne. W tworzonych przeze mnie kadrach staram si\u0119 uchwyci\u0107 to, co w Tobie najpi\u0119kniejsze. Na sensualnej sesji mo\u017cesz wyst\u0105pi\u0107 w zmys\u0142owym body, rozpi\u0119tej koszuli lub pi\u0119knej bieli\u017anie. Niezale\u017cnie od tego postaram si\u0119, \u017ceby\u015b czu\u0142a si\u0119 w tym momencie wyj\u0105tkowo. Efektem tego spotkania b\u0119d\u0119 pi\u0119kne zdj\u0119cia \u2013 pami\u0105tka dla Ciebie lub prezent dla partnera.<\/p>\t\t\t\t\t\t\t\t<\/div>\n\t\t\t\t<\/div>\n\t\t\t\t<div class=\"elementor-element elementor-element-c39d733 elementor-widget elementor-widget-spacer\" data-id=\"c39d733\" data-element_type=\"widget\" data-widget_type=\"spacer.default\">\n\t\t\t\t<div class=\"elementor-widget-container\">\n\t\t\t\t\t\t\t<div class=\"elementor-spacer\">\n\t\t\t<div class=\"elementor-spacer-inner\"><\/div>\n\t\t<\/div>\n\t\t\t\t\t\t<\/div>\n\t\t\t\t<\/div>\n\t\t\t\t<div class=\"elementor-element elementor-element-5573035 elementor-align-center elementor-widget elementor-widget-button\" data-id=\"5573035\" data-element_type=\"widget\" data-widget_type=\"button.default\">\n\t\t\t\t<div class=\"elementor-widget-container\">\n\t\t\t\t\t\t\t\t\t<div class=\"elementor-button-wrapper\">\n\t\t\t\t\t<a class=\"elementor-button elementor-button-link elementor-size-sm elementor-animation-bob\" href=\"https:\/\/strona-testowa-fotograf.daliamaciejewicz.pl\/?page_id=190\">\n\t\t\t\t\t\t<span class=\"elementor-button-content-wrapper\">\n\t\t\t\t\t\t\t\t\t<span class=\"elementor-button-text\">Zarezerwuj termin sesji<\/span>\n\t\t\t\t\t<\/span>\n\t\t\t\t\t<\/a>\n\t\t\t\t<\/div>\n\t\t\t\t\t\t\t\t<\/div>\n\t\t\t\t<\/div>\n\t\t\t\t<div class=\"elementor-element elementor-element-802ca22 elementor-widget-divider--view-line elementor-widget elementor-widget-divider\" data-id=\"802ca22\" data-element_type=\"widget\" data-widget_type=\"divider.default\">\n\t\t\t\t<div class=\"elementor-widget-container\">\n\t\t\t\t\t\t\t<div class=\"elementor-divider\">\n\t\t\t<span class=\"elementor-divider-separator\">\n\t\t\t\t\t\t<\/span>\n\t\t<\/div>\n\t\t\t\t\t\t<\/div>\n\t\t\t\t<\/div>\n\t\t\t\t\t<\/div>\n\t\t\t\t<\/div>\n\t\t<div class=\"elementor-element elementor-element-b0642af e-flex e-con-boxed e-con e-parent\" data-id=\"b0642af\" data-element_type=\"container\">\n\t\t\t\t\t<div class=\"e-con-inner\">\n\t\t\t\t<div class=\"elementor-element elementor-element-1069f85 elementor-widget elementor-widget-heading\" data-id=\"1069f85\" data-element_type=\"widget\" data-widget_type=\"heading.default\">\n\t\t\t\t<div class=\"elementor-widget-container\">\n\t\t\t\t\t<h3 class=\"elementor-heading-title elementor-size-default\">Galeria<\/h3>\t\t\t\t<\/div>\n\t\t\t\t<\/div>\n\t\t\t\t\t<\/div>\n\t\t\t\t<\/div>\n\t\t<div class=\"elementor-element elementor-element-4c135cc e-flex e-con-boxed e-con e-parent\" data-id=\"4c135cc\" data-element_type=\"container\">\n\t\t\t\t\t<div class=\"e-con-inner\">\n\t\t\t\t<div class=\"elementor-element elementor-element-940194b gallery-spacing-custom elementor-widget elementor-widget-image-gallery\" data-id=\"940194b\" data-element_type=\"widget\" data-widget_type=\"image-gallery.default\">\n\t\t\t\t<div class=\"elementor-widget-container\">\n\t\t\t\t\t\t\t<div class=\"elementor-image-gallery\">\n\t\t\t<div id='gallery-1' class='gallery galleryid-129 gallery-columns-3 gallery-size-full'><figure class='gallery-item'>\n\t\t\t<div class='gallery-icon landscape'>\n\t\t\t\t<a data-elementor-open-lightbox=\"yes\" data-elementor-lightbox-slideshow=\"940194b\" data-elementor-lightbox-title=\"SESJA_3\" data-e-action-hash=\"#elementor-action%3Aaction%3Dlightbox%26settings%3DeyJpZCI6NDAsInVybCI6Imh0dHBzOlwvXC9zdHJvbmEtdGVzdG93YS1mb3RvZ3JhZi5kYWxpYW1hY2llamV3aWN6LnBsXC93cC1jb250ZW50XC91cGxvYWRzXC8yMDI1XC8wNlwvU0VTSkFfMy5qcGciLCJzbGlkZXNob3ciOiI5NDAxOTRiIn0%3D\" href='https:\/\/strona-testowa-fotograf.daliamaciejewicz.pl\/wp-content\/uploads\/2025\/06\/SESJA_3.jpg'><img fetchpriority=\"high\" decoding=\"async\" width=\"2048\" height=\"1365\" src=\"https:\/\/strona-testowa-fotograf.daliamaciejewicz.pl\/wp-content\/uploads\/2025\/06\/SESJA_3.jpg\" class=\"attachment-full size-full\" alt=\"\" srcset=\"https:\/\/strona-testowa-fotograf.daliamaciejewicz.pl\/wp-content\/uploads\/2025\/06\/SESJA_3.jpg 2048w, https:\/\/strona-testowa-fotograf.daliamaciejewicz.pl\/wp-content\/uploads\/2025\/06\/SESJA_3-300x200.jpg 300w, https:\/\/strona-testowa-fotograf.daliamaciejewicz.pl\/wp-content\/uploads\/2025\/06\/SESJA_3-1024x683.jpg 1024w, https:\/\/strona-testowa-fotograf.daliamaciejewicz.pl\/wp-content\/uploads\/2025\/06\/SESJA_3-768x512.jpg 768w, https:\/\/strona-testowa-fotograf.daliamaciejewicz.pl\/wp-content\/uploads\/2025\/06\/SESJA_3-1536x1024.jpg 1536w\" sizes=\"(max-width: 2048px) 100vw, 2048px\" \/><\/a>\n\t\t\t<\/div><\/figure><figure class='gallery-item'>\n\t\t\t<div class='gallery-icon landscape'>\n\t\t\t\t<a data-elementor-open-lightbox=\"yes\" data-elementor-lightbox-slideshow=\"940194b\" data-elementor-lightbox-title=\"0006sesja_sensualna\" data-e-action-hash=\"#elementor-action%3Aaction%3Dlightbox%26settings%3DeyJpZCI6NjEsInVybCI6Imh0dHBzOlwvXC9zdHJvbmEtdGVzdG93YS1mb3RvZ3JhZi5kYWxpYW1hY2llamV3aWN6LnBsXC93cC1jb250ZW50XC91cGxvYWRzXC8yMDI1XC8wNlwvMDAwNnNlc2phX3NlbnN1YWxuYS5qcGciLCJzbGlkZXNob3ciOiI5NDAxOTRiIn0%3D\" href='https:\/\/strona-testowa-fotograf.daliamaciejewicz.pl\/wp-content\/uploads\/2025\/06\/0006sesja_sensualna.jpg'><img decoding=\"async\" width=\"2048\" height=\"1365\" src=\"https:\/\/strona-testowa-fotograf.daliamaciejewicz.pl\/wp-content\/uploads\/2025\/06\/0006sesja_sensualna.jpg\" class=\"attachment-full size-full\" alt=\"\" srcset=\"https:\/\/strona-testowa-fotograf.daliamaciejewicz.pl\/wp-content\/uploads\/2025\/06\/0006sesja_sensualna.jpg 2048w, https:\/\/strona-testowa-fotograf.daliamaciejewicz.pl\/wp-content\/uploads\/2025\/06\/0006sesja_sensualna-300x200.jpg 300w, https:\/\/strona-testowa-fotograf.daliamaciejewicz.pl\/wp-content\/uploads\/2025\/06\/0006sesja_sensualna-1024x683.jpg 1024w, https:\/\/strona-testowa-fotograf.daliamaciejewicz.pl\/wp-content\/uploads\/2025\/06\/0006sesja_sensualna-768x512.jpg 768w, https:\/\/strona-testowa-fotograf.daliamaciejewicz.pl\/wp-content\/uploads\/2025\/06\/0006sesja_sensualna-1536x1024.jpg 1536w\" sizes=\"(max-width: 2048px) 100vw, 2048px\" \/><\/a>\n\t\t\t<\/div><\/figure><figure class='gallery-item'>\n\t\t\t<div class='gallery-icon landscape'>\n\t\t\t\t<a data-elementor-open-lightbox=\"yes\" data-elementor-lightbox-slideshow=\"940194b\" data-elementor-lightbox-title=\"0005sesja_sensualna\" data-e-action-hash=\"#elementor-action%3Aaction%3Dlightbox%26settings%3DeyJpZCI6NTksInVybCI6Imh0dHBzOlwvXC9zdHJvbmEtdGVzdG93YS1mb3RvZ3JhZi5kYWxpYW1hY2llamV3aWN6LnBsXC93cC1jb250ZW50XC91cGxvYWRzXC8yMDI1XC8wNlwvMDAwNXNlc2phX3NlbnN1YWxuYS5qcGciLCJzbGlkZXNob3ciOiI5NDAxOTRiIn0%3D\" href='https:\/\/strona-testowa-fotograf.daliamaciejewicz.pl\/wp-content\/uploads\/2025\/06\/0005sesja_sensualna.jpg'><img decoding=\"async\" width=\"2048\" height=\"1365\" src=\"https:\/\/strona-testowa-fotograf.daliamaciejewicz.pl\/wp-content\/uploads\/2025\/06\/0005sesja_sensualna.jpg\" class=\"attachment-full size-full\" alt=\"\" srcset=\"https:\/\/strona-testowa-fotograf.daliamaciejewicz.pl\/wp-content\/uploads\/2025\/06\/0005sesja_sensualna.jpg 2048w, https:\/\/strona-testowa-fotograf.daliamaciejewicz.pl\/wp-content\/uploads\/2025\/06\/0005sesja_sensualna-300x200.jpg 300w, https:\/\/strona-testowa-fotograf.daliamaciejewicz.pl\/wp-content\/uploads\/2025\/06\/0005sesja_sensualna-1024x683.jpg 1024w, https:\/\/strona-testowa-fotograf.daliamaciejewicz.pl\/wp-content\/uploads\/2025\/06\/0005sesja_sensualna-768x512.jpg 768w, https:\/\/strona-testowa-fotograf.daliamaciejewicz.pl\/wp-content\/uploads\/2025\/06\/0005sesja_sensualna-1536x1024.jpg 1536w\" sizes=\"(max-width: 2048px) 100vw, 2048px\" \/><\/a>\n\t\t\t<\/div><\/figure><figure class='gallery-item'>\n\t\t\t<div class='gallery-icon landscape'>\n\t\t\t\t<a data-elementor-open-lightbox=\"yes\" data-elementor-lightbox-slideshow=\"940194b\" data-elementor-lightbox-title=\"SESJA_2\" data-e-action-hash=\"#elementor-action%3Aaction%3Dlightbox%26settings%3DeyJpZCI6NjIsInVybCI6Imh0dHBzOlwvXC9zdHJvbmEtdGVzdG93YS1mb3RvZ3JhZi5kYWxpYW1hY2llamV3aWN6LnBsXC93cC1jb250ZW50XC91cGxvYWRzXC8yMDI1XC8wNlwvU0VTSkFfMi5qcGciLCJzbGlkZXNob3ciOiI5NDAxOTRiIn0%3D\" href='https:\/\/strona-testowa-fotograf.daliamaciejewicz.pl\/wp-content\/uploads\/2025\/06\/SESJA_2.jpg'><img loading=\"lazy\" decoding=\"async\" width=\"2048\" height=\"1366\" src=\"https:\/\/strona-testowa-fotograf.daliamaciejewicz.pl\/wp-content\/uploads\/2025\/06\/SESJA_2.jpg\" class=\"attachment-full size-full\" alt=\"\" srcset=\"https:\/\/strona-testowa-fotograf.daliamaciejewicz.pl\/wp-content\/uploads\/2025\/06\/SESJA_2.jpg 2048w, https:\/\/strona-testowa-fotograf.daliamaciejewicz.pl\/wp-content\/uploads\/2025\/06\/SESJA_2-300x200.jpg 300w, https:\/\/strona-testowa-fotograf.daliamaciejewicz.pl\/wp-content\/uploads\/2025\/06\/SESJA_2-1024x683.jpg 1024w, https:\/\/strona-testowa-fotograf.daliamaciejewicz.pl\/wp-content\/uploads\/2025\/06\/SESJA_2-768x512.jpg 768w, https:\/\/strona-testowa-fotograf.daliamaciejewicz.pl\/wp-content\/uploads\/2025\/06\/SESJA_2-1536x1025.jpg 1536w\" sizes=\"(max-width: 2048px) 100vw, 2048px\" \/><\/a>\n\t\t\t<\/div><\/figure><figure class='gallery-item'>\n\t\t\t<div class='gallery-icon landscape'>\n\t\t\t\t<a data-elementor-open-lightbox=\"yes\" data-elementor-lightbox-slideshow=\"940194b\" data-elementor-lightbox-title=\"0001sesja_sensualna\" data-e-action-hash=\"#elementor-action%3Aaction%3Dlightbox%26settings%3DeyJpZCI6MTM0LCJ1cmwiOiJodHRwczpcL1wvc3Ryb25hLXRlc3Rvd2EtZm90b2dyYWYuZGFsaWFtYWNpZWpld2ljei5wbFwvd3AtY29udGVudFwvdXBsb2Fkc1wvMjAyNVwvMDZcLzAwMDFzZXNqYV9zZW5zdWFsbmEuanBnIiwic2xpZGVzaG93IjoiOTQwMTk0YiJ9\" href='https:\/\/strona-testowa-fotograf.daliamaciejewicz.pl\/wp-content\/uploads\/2025\/06\/0001sesja_sensualna.jpg'><img loading=\"lazy\" decoding=\"async\" width=\"2048\" height=\"1365\" src=\"https:\/\/strona-testowa-fotograf.daliamaciejewicz.pl\/wp-content\/uploads\/2025\/06\/0001sesja_sensualna.jpg\" class=\"attachment-full size-full\" alt=\"\" srcset=\"https:\/\/strona-testowa-fotograf.daliamaciejewicz.pl\/wp-content\/uploads\/2025\/06\/0001sesja_sensualna.jpg 2048w, https:\/\/strona-testowa-fotograf.daliamaciejewicz.pl\/wp-content\/uploads\/2025\/06\/0001sesja_sensualna-300x200.jpg 300w, https:\/\/strona-testowa-fotograf.daliamaciejewicz.pl\/wp-content\/uploads\/2025\/06\/0001sesja_sensualna-1024x683.jpg 1024w, https:\/\/strona-testowa-fotograf.daliamaciejewicz.pl\/wp-content\/uploads\/2025\/06\/0001sesja_sensualna-768x512.jpg 768w, https:\/\/strona-testowa-fotograf.daliamaciejewicz.pl\/wp-content\/uploads\/2025\/06\/0001sesja_sensualna-1536x1024.jpg 1536w\" sizes=\"(max-width: 2048px) 100vw, 2048px\" \/><\/a>\n\t\t\t<\/div><\/figure><figure class='gallery-item'>\n\t\t\t<div class='gallery-icon landscape'>\n\t\t\t\t<a data-elementor-open-lightbox=\"yes\" data-elementor-lightbox-slideshow=\"940194b\" data-elementor-lightbox-title=\"0007sesja_sensualna\" data-e-action-hash=\"#elementor-action%3Aaction%3Dlightbox%26settings%3DeyJpZCI6MTM1LCJ1cmwiOiJodHRwczpcL1wvc3Ryb25hLXRlc3Rvd2EtZm90b2dyYWYuZGFsaWFtYWNpZWpld2ljei5wbFwvd3AtY29udGVudFwvdXBsb2Fkc1wvMjAyNVwvMDZcLzAwMDdzZXNqYV9zZW5zdWFsbmEuanBnIiwic2xpZGVzaG93IjoiOTQwMTk0YiJ9\" href='https:\/\/strona-testowa-fotograf.daliamaciejewicz.pl\/wp-content\/uploads\/2025\/06\/0007sesja_sensualna.jpg'><img loading=\"lazy\" decoding=\"async\" width=\"2048\" height=\"1365\" src=\"https:\/\/strona-testowa-fotograf.daliamaciejewicz.pl\/wp-content\/uploads\/2025\/06\/0007sesja_sensualna.jpg\" class=\"attachment-full size-full\" alt=\"\" srcset=\"https:\/\/strona-testowa-fotograf.daliamaciejewicz.pl\/wp-content\/uploads\/2025\/06\/0007sesja_sensualna.jpg 2048w, https:\/\/strona-testowa-fotograf.daliamaciejewicz.pl\/wp-content\/uploads\/2025\/06\/0007sesja_sensualna-300x200.jpg 300w, https:\/\/strona-testowa-fotograf.daliamaciejewicz.pl\/wp-content\/uploads\/2025\/06\/0007sesja_sensualna-1024x683.jpg 1024w, https:\/\/strona-testowa-fotograf.daliamaciejewicz.pl\/wp-content\/uploads\/2025\/06\/0007sesja_sensualna-768x512.jpg 768w, https:\/\/strona-testowa-fotograf.daliamaciejewicz.pl\/wp-content\/uploads\/2025\/06\/0007sesja_sensualna-1536x1024.jpg 1536w\" sizes=\"(max-width: 2048px) 100vw, 2048px\" \/><\/a>\n\t\t\t<\/div><\/figure><figure class='gallery-item'>\n\t\t\t<div class='gallery-icon portrait'>\n\t\t\t\t<a data-elementor-open-lightbox=\"yes\" data-elementor-lightbox-slideshow=\"940194b\" data-elementor-lightbox-title=\"A9B03075-Edit-2\" data-e-action-hash=\"#elementor-action%3Aaction%3Dlightbox%26settings%3DeyJpZCI6MTMzLCJ1cmwiOiJodHRwczpcL1wvc3Ryb25hLXRlc3Rvd2EtZm90b2dyYWYuZGFsaWFtYWNpZWpld2ljei5wbFwvd3AtY29udGVudFwvdXBsb2Fkc1wvMjAyNVwvMDZcL0E5QjAzMDc1LUVkaXQtMi5qcGciLCJzbGlkZXNob3ciOiI5NDAxOTRiIn0%3D\" href='https:\/\/strona-testowa-fotograf.daliamaciejewicz.pl\/wp-content\/uploads\/2025\/06\/A9B03075-Edit-2.jpg'><img loading=\"lazy\" decoding=\"async\" width=\"1365\" height=\"2048\" src=\"https:\/\/strona-testowa-fotograf.daliamaciejewicz.pl\/wp-content\/uploads\/2025\/06\/A9B03075-Edit-2.jpg\" class=\"attachment-full size-full\" alt=\"\" srcset=\"https:\/\/strona-testowa-fotograf.daliamaciejewicz.pl\/wp-content\/uploads\/2025\/06\/A9B03075-Edit-2.jpg 1365w, https:\/\/strona-testowa-fotograf.daliamaciejewicz.pl\/wp-content\/uploads\/2025\/06\/A9B03075-Edit-2-200x300.jpg 200w, https:\/\/strona-testowa-fotograf.daliamaciejewicz.pl\/wp-content\/uploads\/2025\/06\/A9B03075-Edit-2-683x1024.jpg 683w, https:\/\/strona-testowa-fotograf.daliamaciejewicz.pl\/wp-content\/uploads\/2025\/06\/A9B03075-Edit-2-768x1152.jpg 768w, https:\/\/strona-testowa-fotograf.daliamaciejewicz.pl\/wp-content\/uploads\/2025\/06\/A9B03075-Edit-2-1024x1536.jpg 1024w\" sizes=\"(max-width: 1365px) 100vw, 1365px\" \/><\/a>\n\t\t\t<\/div><\/figure><figure class='gallery-item'>\n\t\t\t<div class='gallery-icon portrait'>\n\t\t\t\t<a data-elementor-open-lightbox=\"yes\" data-elementor-lightbox-slideshow=\"940194b\" data-elementor-lightbox-title=\"SESJA_1\" data-e-action-hash=\"#elementor-action%3Aaction%3Dlightbox%26settings%3DeyJpZCI6MTMyLCJ1cmwiOiJodHRwczpcL1wvc3Ryb25hLXRlc3Rvd2EtZm90b2dyYWYuZGFsaWFtYWNpZWpld2ljei5wbFwvd3AtY29udGVudFwvdXBsb2Fkc1wvMjAyNVwvMDZcL1NFU0pBXzEuanBnIiwic2xpZGVzaG93IjoiOTQwMTk0YiJ9\" href='https:\/\/strona-testowa-fotograf.daliamaciejewicz.pl\/wp-content\/uploads\/2025\/06\/SESJA_1.jpg'><img loading=\"lazy\" decoding=\"async\" width=\"1365\" height=\"2048\" src=\"https:\/\/strona-testowa-fotograf.daliamaciejewicz.pl\/wp-content\/uploads\/2025\/06\/SESJA_1.jpg\" class=\"attachment-full size-full\" alt=\"\" srcset=\"https:\/\/strona-testowa-fotograf.daliamaciejewicz.pl\/wp-content\/uploads\/2025\/06\/SESJA_1.jpg 1365w, https:\/\/strona-testowa-fotograf.daliamaciejewicz.pl\/wp-content\/uploads\/2025\/06\/SESJA_1-200x300.jpg 200w, https:\/\/strona-testowa-fotograf.daliamaciejewicz.pl\/wp-content\/uploads\/2025\/06\/SESJA_1-683x1024.jpg 683w, https:\/\/strona-testowa-fotograf.daliamaciejewicz.pl\/wp-content\/uploads\/2025\/06\/SESJA_1-768x1152.jpg 768w, https:\/\/strona-testowa-fotograf.daliamaciejewicz.pl\/wp-content\/uploads\/2025\/06\/SESJA_1-1024x1536.jpg 1024w\" sizes=\"(max-width: 1365px) 100vw, 1365px\" \/><\/a>\n\t\t\t<\/div><\/figure><figure class='gallery-item'>\n\t\t\t<div class='gallery-icon portrait'>\n\t\t\t\t<a data-elementor-open-lightbox=\"yes\" data-elementor-lightbox-slideshow=\"940194b\" data-elementor-lightbox-title=\"0010sesja_sensualna\" data-e-action-hash=\"#elementor-action%3Aaction%3Dlightbox%26settings%3DeyJpZCI6NjAsInVybCI6Imh0dHBzOlwvXC9zdHJvbmEtdGVzdG93YS1mb3RvZ3JhZi5kYWxpYW1hY2llamV3aWN6LnBsXC93cC1jb250ZW50XC91cGxvYWRzXC8yMDI1XC8wNlwvMDAxMHNlc2phX3NlbnN1YWxuYS5qcGciLCJzbGlkZXNob3ciOiI5NDAxOTRiIn0%3D\" href='https:\/\/strona-testowa-fotograf.daliamaciejewicz.pl\/wp-content\/uploads\/2025\/06\/0010sesja_sensualna.jpg'><img loading=\"lazy\" decoding=\"async\" width=\"1364\" height=\"2048\" src=\"https:\/\/strona-testowa-fotograf.daliamaciejewicz.pl\/wp-content\/uploads\/2025\/06\/0010sesja_sensualna.jpg\" class=\"attachment-full size-full\" alt=\"\" srcset=\"https:\/\/strona-testowa-fotograf.daliamaciejewicz.pl\/wp-content\/uploads\/2025\/06\/0010sesja_sensualna.jpg 1364w, https:\/\/strona-testowa-fotograf.daliamaciejewicz.pl\/wp-content\/uploads\/2025\/06\/0010sesja_sensualna-200x300.jpg 200w, https:\/\/strona-testowa-fotograf.daliamaciejewicz.pl\/wp-content\/uploads\/2025\/06\/0010sesja_sensualna-682x1024.jpg 682w, https:\/\/strona-testowa-fotograf.daliamaciejewicz.pl\/wp-content\/uploads\/2025\/06\/0010sesja_sensualna-768x1153.jpg 768w, https:\/\/strona-testowa-fotograf.daliamaciejewicz.pl\/wp-content\/uploads\/2025\/06\/0010sesja_sensualna-1023x1536.jpg 1023w\" sizes=\"(max-width: 1364px) 100vw, 1364px\" \/><\/a>\n\t\t\t<\/div><\/figure>\n\t\t<\/div>\n\t\t<\/div>\n\t\t\t\t\t\t<\/div>\n\t\t\t\t<\/div>\n\t\t\t\t<div class=\"elementor-element elementor-element-c10211a elementor-widget elementor-widget-spacer\" data-id=\"c10211a\" data-element_type=\"widget\" data-widget_type=\"spacer.default\">\n\t\t\t\t<div class=\"elementor-widget-container\">\n\t\t\t\t\t\t\t<div class=\"elementor-spacer\">\n\t\t\t<div class=\"elementor-spacer-inner\"><\/div>\n\t\t<\/div>\n\t\t\t\t\t\t<\/div>\n\t\t\t\t<\/div>\n\t\t\t\t\t<\/div>\n\t\t\t\t<\/div>\n\t\t\t\t<\/div>\n\t\t","protected":false},"excerpt":{"rendered":"<p>Fotografia sensualna Intymno\u015b\u0107 w najlepszym \u015bwietle Szczeg\u00f3lne miejsce w moim portfolio zajmuj\u0105 zdj\u0119cia sensualne. W tworzonych przeze mnie kadrach staram [&hellip;]<\/p>\n","protected":false},"author":1,"featured_media":0,"parent":0,"menu_order":0,"comment_status":"closed","ping_status":"closed","template":"","meta":{"site-sidebar-layout":"no-sidebar","site-content-layout":"","ast-site-content-layout":"full-width-container","site-content-style":"default","site-sidebar-style":"default","ast-global-header-display":"","ast-banner-title-visibility":"","ast-main-header-display":"","ast-hfb-above-header-display":"","ast-hfb-below-header-display":"","ast-hfb-mobile-header-display":"","site-post-title":"disabled","ast-breadcrumbs-content":"","ast-featured-img":"disabled","footer-sml-layout":"","theme-transparent-header-meta":"","adv-header-id-meta":"","stick-header-meta":"","header-above-stick-meta":"","header-main-stick-meta":"","header-below-stick-meta":"","astra-migrate-meta-layouts":"default","ast-page-background-enabled":"default","ast-page-background-meta":{"desktop":{"background-color":"var(--ast-global-color-5)","background-image":"","background-repeat":"repeat","background-position":"center center","background-size":"auto","background-attachment":"scroll","background-type":"","background-media":"","overlay-type":"","overlay-color":"","overlay-opacity":"","overlay-gradient":""},"tablet":{"background-color":"","background-image":"","background-repeat":"repeat","background-position":"center center","background-size":"auto","background-attachment":"scroll","background-type":"","background-media":"","overlay-type":"","overlay-color":"","overlay-opacity":"","overlay-gradient":""},"mobile":{"background-color":"","background-image":"","background-repeat":"repeat","background-position":"center center","background-size":"auto","background-attachment":"scroll","background-type":"","background-media":"","overlay-type":"","overlay-color":"","overlay-opacity":"","overlay-gradient":""}},"ast-content-background-meta":{"desktop":{"background-color":"var(--ast-global-color-4)","background-image":"","background-repeat":"repeat","background-position":"center center","background-size":"auto","background-attachment":"scroll","background-type":"","background-media":"","overlay-type":"","overlay-color":"","overlay-opacity":"","overlay-gradient":""},"tablet":{"background-color":"var(--ast-global-color-4)","background-image":"","background-repeat":"repeat","background-position":"center center","background-size":"auto","background-attachment":"scroll","background-type":"","background-media":"","overlay-type":"","overlay-color":"","overlay-opacity":"","overlay-gradient":""},"mobile":{"background-color":"var(--ast-global-color-4)","background-image":"","background-repeat":"repeat","background-position":"center center","background-size":"auto","background-attachment":"scroll","background-type":"","background-media":"","overlay-type":"","overlay-color":"","overlay-opacity":"","overlay-gradient":""}},"footnotes":""},"class_list":["post-129","page","type-page","status-publish","hentry"],"_links":{"self":[{"href":"https:\/\/strona-testowa-fotograf.daliamaciejewicz.pl\/index.php?rest_route=\/wp\/v2\/pages\/129","targetHints":{"allow":["GET"]}}],"collection":[{"href":"https:\/\/strona-testowa-fotograf.daliamaciejewicz.pl\/index.php?rest_route=\/wp\/v2\/pages"}],"about":[{"href":"https:\/\/strona-testowa-fotograf.daliamaciejewicz.pl\/index.php?rest_route=\/wp\/v2\/types\/page"}],"author":[{"embeddable":true,"href":"https:\/\/strona-testowa-fotograf.daliamaciejewicz.pl\/index.php?rest_route=\/wp\/v2\/users\/1"}],"replies":[{"embeddable":true,"href":"https:\/\/strona-testowa-fotograf.daliamaciejewicz.pl\/index.php?rest_route=%2Fwp%2Fv2%2Fcomments&post=129"}],"version-history":[{"count":43,"href":"https:\/\/strona-testowa-fotograf.daliamaciejewicz.pl\/index.php?rest_route=\/wp\/v2\/pages\/129\/revisions"}],"predecessor-version":[{"id":485,"href":"https:\/\/strona-testowa-fotograf.daliamaciejewicz.pl\/index.php?rest_route=\/wp\/v2\/pages\/129\/revisions\/485"}],"wp:attachment":[{"href":"https:\/\/strona-testowa-fotograf.daliamaciejewicz.pl\/index.php?rest_route=%2Fwp%2Fv2%2Fmedia&parent=129"}],"curies":[{"name":"wp","href":"https:\/\/api.w.org\/{rel}","templated":true}]}}